{"id":531,"date":"2022-08-19T20:51:50","date_gmt":"2022-08-19T20:51:50","guid":{"rendered":"http:\/\/kopaarsauli.lv\/?page_id=531"},"modified":"2022-09-07T11:53:26","modified_gmt":"2022-09-07T11:53:26","slug":"supplements-information","status":"publish","type":"page","link":"https:\/\/kopaarsauli.com\/ru\/supplements-information\/","title":{"rendered":"\u0414\u043e\u043f\u043e\u043b\u043d\u0438\u0442\u0435\u043b\u044c\u043d\u0430\u044f \u0438\u043d\u0444\u043e\u0440\u043c\u0430\u0446\u0438\u044f"},"content":{"rendered":"\t\t<div data-elementor-type=\"wp-page\" data-elementor-id=\"531\" class=\"elementor elementor-531\" data-elementor-post-type=\"page\">\n\t\t\t\t\t\t<section class=\"elementor-section elementor-top-section elementor-element elementor-element-955acf3 elementor-section-content-middle elementor-section-boxed elementor-section-height-default elementor-section-height-default\" data-id=\"955acf3\" data-element_type=\"section\" data-e-type=\"section\" data-settings=\"{&quot;background_background&quot;:&quot;classic&quot;}\">\n\t\t\t\t\t\t<div class=\"elementor-container elementor-column-gap-default\">\n\t\t\t\t\t<div class=\"elementor-column elementor-col-100 elementor-top-column elementor-element elementor-element-f237e03\" data-id=\"f237e03\" data-element_type=\"column\" data-e-type=\"column\">\n\t\t\t<div class=\"elementor-widget-wrap elementor-element-populated\">\n\t\t\t\t\t\t<div class=\"elementor-element elementor-element-27d5188 elementor-invisible elementor-widget elementor-widget-heading\" data-id=\"27d5188\" data-element_type=\"widget\" data-e-type=\"widget\" data-settings=\"{&quot;_animation&quot;:&quot;fadeInUp&quot;}\" data-widget_type=\"heading.default\">\n\t\t\t\t<div class=\"elementor-widget-container\">\n\t\t\t\t\t<h2 class=\"elementor-heading-title elementor-size-default\">\u0414\u043e\u043f\u043e\u043b\u043d\u0438\u0442\u0435\u043b\u044c\u043d\u0430\u044f \u0438\u043d\u0444\u043e\u0440\u043c\u0430\u0446\u0438\u044f<\/h2>\t\t\t\t<\/div>\n\t\t\t\t<\/div>\n\t\t\t\t<div class=\"elementor-element elementor-element-51cfa93 elementor-invisible elementor-widget elementor-widget-heading\" data-id=\"51cfa93\" data-element_type=\"widget\" data-e-type=\"widget\" data-settings=\"{&quot;_animation&quot;:&quot;fadeInUp&quot;}\" data-widget_type=\"heading.default\">\n\t\t\t\t<div class=\"elementor-widget-container\">\n\t\t\t\t\t<h2 class=\"elementor-heading-title elementor-size-default\">\u041f\u041e\u041b\u0418\u0422\u0418\u041a\u0410 \u041a\u041e\u041d\u0424\u0418\u0414\u0415\u041d\u0426\u0418\u0410\u041b\u042c\u041d\u041e\u0421\u0422\u0418<\/h2>\t\t\t\t<\/div>\n\t\t\t\t<\/div>\n\t\t\t\t<div class=\"elementor-element elementor-element-d3ac880 elementor-invisible elementor-widget elementor-widget-text-editor\" data-id=\"d3ac880\" data-element_type=\"widget\" data-e-type=\"widget\" data-settings=\"{&quot;_animation&quot;:&quot;fadeInUp&quot;,&quot;_animation_delay&quot;:&quot;100&quot;}\" data-widget_type=\"text-editor.default\">\n\t\t\t\t<div class=\"elementor-widget-container\">\n\t\t\t\t\t\t\t\t\t<p>Priv\u0101tuma politikas m\u0113r\u0137is ir sniegt fiziskajai personai (datu subjektam) inform\u0101ciju par fizisk\u0101s personas datu apstr\u0101des m\u0113r\u0137i, nol\u016bku, apjomu, dro\u0161\u012bbu, aizsardz\u012bbu, k\u0101 ar\u012b sniegt citu inform\u0101ciju par personas datu apstr\u0101di.<\/p><p><strong>Personas dati<\/strong><br \/>Personas dati ir jebk\u0101da inform\u0101cija, kas attiecas uz identific\u0113tu vai identific\u0113jamu fizisko personu.<\/p><p><strong>Priv\u0101tuma politikas piem\u0113ro\u0161ana<\/strong><br \/>SIA \u201cOptilat\u201d priv\u0101tuma politika tiek piem\u0113rota uz personas datu apstr\u0101di neatkar\u012bgi no t\u0101, k\u0101d\u0101 veid\u0101 (form\u0101) fizisk\u0101 persona sniedz savus personas datus (vai fizisk\u0101s personas datus sniedz tre\u0161\u0101 persona saska\u0146\u0101 ar likumu\/pilnvaru\/piekri\u0161anu): pap\u012bra form\u0101, elektronisk\u0101 form\u0101 u.tml.<\/p><p><strong>Pamatinform\u0101cija<\/strong><br \/>P\u0101rzinis: SIA \u201cOptiLat\u201d, re\u0123istr\u0101cijas Nr. 40003407907<br \/>Juridisk\u0101 adrese: Meistaru iela 1, J\u016brmala, LV-2011, Latvija<br \/>Tiesiskais pamats: SIA \u201cOptiLat\u201d le\u0123it\u012bm\u0101s intereses.<br \/>Datu nodo\u0161ana uz tre\u0161o valsti: Nenotiek.<br \/>Kontakti: email &#8212; <span style=\"color: #ffff99;\"><a style=\"color: #ffff99;\" href=\"mailto:nojumes.lv@inbox.lv\">nojumes.lv@inbox.lv<\/a><\/span> mob. &#8212; <span style=\"color: #ffff99;\"><a style=\"color: #ffff99;\" href=\"tel:(+371) 23554422\">(+371) 23554422<\/a><\/span><\/p><p><strong>Personas datu apstr\u0101de un tiesiskais pamats<\/strong><br \/>Fizisk\u0101 persona re\u0123istr\u0113jot savas personas datus piekr\u012bt paredz\u0113tajam personas datu apstr\u0101des m\u0113r\u0137im: tie\u0161\u0101s tirgved\u012bbas aktivit\u0101tes, komerci\u0101lu pazi\u0146ojumu, rekl\u0101mas s\u016bt\u012bjumu (taj\u0101 skait\u0101 apsveikumu, \u012bpa\u0161o pied\u0101v\u0101jumu, piedal\u012b\u0161an\u0101s izloz\u0113s) sa\u0146em\u0161ana uz nor\u0101d\u012bto e-pasta adresi vai zvanot pa nor\u0101d\u012bto mobil\u0101 telefona numuru par r\u012bkot\u0101ja un sadarb\u012bbas partneru izplat\u012btaj\u0101m prec\u0113m, pied\u0101v\u0101jumiem un jaunumiem par \u201cKop\u0101 ar Sauli\u201d pied\u0101v\u0101taj\u0101m prec\u0113m un pakalpojumiem.<\/p><p><strong>Ties\u012bbas atsaukt piekri\u0161anu<\/strong><br \/>Re\u0123istreta fizisk\u0101 persona ir inform\u0113ta, ka re\u0123istretai fiziskai personai ir ties\u012bbas atsaukt \u0161o piekri\u0161anu jebkur\u0101 laik\u0101, izmantojot Priv\u0101tuma politikas lapu, kas pieejama vietn\u0113 link. Re\u0123istreta fizisk\u0101 persona apliecina, ka Re\u0123istretas fiziskas personas sniegtie dati (v\u0101rds, t\u0101lru\u0146a numurs, e-pasts) ir pareizi un patiesi un re\u0123istreta fizisk\u0101 persona ir \u0161o datu \u012bpa\u0161nieks, k\u0101 ar\u012b re\u0123istreta fizisk\u0101 persona at\u013cauj SIA \u201cOptiLat\u201d veikt re\u0123istretas fiziskas personas datu apstr\u0101di. P\u0101rzinis: SIA \u201cOptiLat\u201d, Meistaru iela 1, J\u016brmala, LV-2011, Latvija.<\/p>\t\t\t\t\t\t\t\t<\/div>\n\t\t\t\t<\/div>\n\t\t\t\t\t<\/div>\n\t\t<\/div>\n\t\t\t\t\t<\/div>\n\t\t<\/section>\n\t\t\t\t<\/div>\n\t\t","protected":false},"excerpt":{"rendered":"<p>\u0414\u043e\u043f\u043e\u043b\u043d\u0438\u0442\u0435\u043b\u044c\u043d\u0430\u044f \u0438\u043d\u0444\u043e\u0440\u043c\u0430\u0446\u0438\u044f \u041f\u041e\u041b\u0418\u0422\u0418\u041a\u0410 \u041a\u041e\u041d\u0424\u0418\u0414\u0415\u041d\u0426\u0418\u0410\u041b\u042c\u041d\u041e\u0421\u0422\u0418 Priv\u0101tuma politikas m\u0113r\u0137is ir sniegt fiziskajai personai (datu subjektam) inform\u0101ciju par fizisk\u0101s personas datu apstr\u0101des m\u0113r\u0137i, nol\u016bku, apjomu, dro\u0161\u012bbu, aizsardz\u012bbu, k\u0101 ar\u012b sniegt citu inform\u0101ciju par personas datu apstr\u0101di. Personas datiPersonas dati ir jebk\u0101da inform\u0101cija, kas attiecas uz identific\u0113tu vai identific\u0113jamu fizisko personu. Priv\u0101tuma politikas piem\u0113ro\u0161anaSIA \u201cOptilat\u201d priv\u0101tuma politika tiek piem\u0113rota [&hellip;]<\/p>\n","protected":false},"author":1,"featured_media":0,"parent":0,"menu_order":0,"comment_status":"closed","ping_status":"closed","template":"","meta":{"footnotes":""},"class_list":["post-531","page","type-page","status-publish","hentry","entry"],"yoast_head":"<!-- This site is optimized with the Yoast SEO plugin v27.3 - https:\/\/yoast.com\/product\/yoast-seo-wordpress\/ -->\n<title>\u0414\u043e\u043f\u043e\u043b\u043d\u0438\u0442\u0435\u043b\u044c\u043d\u0430\u044f \u0438\u043d\u0444\u043e\u0440\u043c\u0430\u0446\u0438\u044f - Kopa ar sauli<\/title>\n<meta name=\"robots\" content=\"index, follow, max-snippet:-1, max-image-preview:large, max-video-preview:-1\" \/>\n<link rel=\"canonical\" href=\"https:\/\/kopaarsauli.com\/ru\/supplements-information\/\" \/>\n<meta property=\"og:locale\" content=\"ru_RU\" \/>\n<meta property=\"og:type\" content=\"article\" \/>\n<meta property=\"og:title\" content=\"\u0414\u043e\u043f\u043e\u043b\u043d\u0438\u0442\u0435\u043b\u044c\u043d\u0430\u044f \u0438\u043d\u0444\u043e\u0440\u043c\u0430\u0446\u0438\u044f - Kopa ar sauli\" \/>\n<meta property=\"og:description\" content=\"\u0414\u043e\u043f\u043e\u043b\u043d\u0438\u0442\u0435\u043b\u044c\u043d\u0430\u044f \u0438\u043d\u0444\u043e\u0440\u043c\u0430\u0446\u0438\u044f \u041f\u041e\u041b\u0418\u0422\u0418\u041a\u0410 \u041a\u041e\u041d\u0424\u0418\u0414\u0415\u041d\u0426\u0418\u0410\u041b\u042c\u041d\u041e\u0421\u0422\u0418 Priv\u0101tuma politikas m\u0113r\u0137is ir sniegt fiziskajai personai (datu subjektam) inform\u0101ciju par fizisk\u0101s personas datu apstr\u0101des m\u0113r\u0137i, nol\u016bku, apjomu, dro\u0161\u012bbu, aizsardz\u012bbu, k\u0101 ar\u012b sniegt citu inform\u0101ciju par personas datu apstr\u0101di. Personas datiPersonas dati ir jebk\u0101da inform\u0101cija, kas attiecas uz identific\u0113tu vai identific\u0113jamu fizisko personu. Priv\u0101tuma politikas piem\u0113ro\u0161anaSIA \u201cOptilat\u201d priv\u0101tuma politika tiek piem\u0113rota [&hellip;]\" \/>\n<meta property=\"og:url\" content=\"https:\/\/kopaarsauli.com\/ru\/supplements-information\/\" \/>\n<meta property=\"og:site_name\" content=\"Kopa ar sauli\" \/>\n<meta property=\"article:publisher\" content=\"https:\/\/www.facebook.com\/kopaarsauli\" \/>\n<meta property=\"article:modified_time\" content=\"2022-09-07T11:53:26+00:00\" \/>\n<meta name=\"twitter:card\" content=\"summary_large_image\" \/>\n<meta name=\"twitter:label1\" content=\"\u041f\u0440\u0438\u043c\u0435\u0440\u043d\u043e\u0435 \u0432\u0440\u0435\u043c\u044f \u0434\u043b\u044f \u0447\u0442\u0435\u043d\u0438\u044f\" \/>\n\t<meta name=\"twitter:data1\" content=\"2 \u043c\u0438\u043d\u0443\u0442\u044b\" \/>\n<script type=\"application\/ld+json\" class=\"yoast-schema-graph\">{\"@context\":\"https:\\\/\\\/schema.org\",\"@graph\":[{\"@type\":\"WebPage\",\"@id\":\"https:\\\/\\\/kopaarsauli.com\\\/ru\\\/supplements-information\\\/\",\"url\":\"https:\\\/\\\/kopaarsauli.com\\\/ru\\\/supplements-information\\\/\",\"name\":\"\u0414\u043e\u043f\u043e\u043b\u043d\u0438\u0442\u0435\u043b\u044c\u043d\u0430\u044f \u0438\u043d\u0444\u043e\u0440\u043c\u0430\u0446\u0438\u044f - Kopa ar sauli\",\"isPartOf\":{\"@id\":\"https:\\\/\\\/kopaarsauli.com\\\/#website\"},\"datePublished\":\"2022-08-19T20:51:50+00:00\",\"dateModified\":\"2022-09-07T11:53:26+00:00\",\"breadcrumb\":{\"@id\":\"https:\\\/\\\/kopaarsauli.com\\\/ru\\\/supplements-information\\\/#breadcrumb\"},\"inLanguage\":\"ru-RU\",\"potentialAction\":[{\"@type\":\"ReadAction\",\"target\":[\"https:\\\/\\\/kopaarsauli.com\\\/ru\\\/supplements-information\\\/\"]}]},{\"@type\":\"BreadcrumbList\",\"@id\":\"https:\\\/\\\/kopaarsauli.com\\\/ru\\\/supplements-information\\\/#breadcrumb\",\"itemListElement\":[{\"@type\":\"ListItem\",\"position\":1,\"name\":\"Kop\u0101 ar Sauli\",\"item\":\"https:\\\/\\\/kopaarsauli.com\\\/ru\\\/\"},{\"@type\":\"ListItem\",\"position\":2,\"name\":\"\u0414\u043e\u043f\u043e\u043b\u043d\u0438\u0442\u0435\u043b\u044c\u043d\u0430\u044f \u0438\u043d\u0444\u043e\u0440\u043c\u0430\u0446\u0438\u044f\"}]},{\"@type\":\"WebSite\",\"@id\":\"https:\\\/\\\/kopaarsauli.com\\\/#website\",\"url\":\"https:\\\/\\\/kopaarsauli.com\\\/\",\"name\":\"Kop\u0101 ar Sauli\",\"description\":\"VISA VEIDA NOJUMES, STIKLA VERANDAS, MARK\u012aZES\",\"publisher\":{\"@id\":\"https:\\\/\\\/kopaarsauli.com\\\/#organization\"},\"alternateName\":\"kopa ar sauli\",\"potentialAction\":[{\"@type\":\"SearchAction\",\"target\":{\"@type\":\"EntryPoint\",\"urlTemplate\":\"https:\\\/\\\/kopaarsauli.com\\\/?s={search_term_string}\"},\"query-input\":{\"@type\":\"PropertyValueSpecification\",\"valueRequired\":true,\"valueName\":\"search_term_string\"}}],\"inLanguage\":\"ru-RU\"},{\"@type\":\"Organization\",\"@id\":\"https:\\\/\\\/kopaarsauli.com\\\/#organization\",\"name\":\"Kop\u0101 ar Sauli\",\"alternateName\":\"kopa ar sauli\",\"url\":\"https:\\\/\\\/kopaarsauli.com\\\/\",\"logo\":{\"@type\":\"ImageObject\",\"inLanguage\":\"ru-RU\",\"@id\":\"https:\\\/\\\/kopaarsauli.com\\\/#\\\/schema\\\/logo\\\/image\\\/\",\"url\":\"https:\\\/\\\/kopaarsauli.com\\\/wp-content\\\/uploads\\\/2022\\\/08\\\/cropped-LOgo-johni-1.png\",\"contentUrl\":\"https:\\\/\\\/kopaarsauli.com\\\/wp-content\\\/uploads\\\/2022\\\/08\\\/cropped-LOgo-johni-1.png\",\"width\":1695,\"height\":432,\"caption\":\"Kop\u0101 ar Sauli\"},\"image\":{\"@id\":\"https:\\\/\\\/kopaarsauli.com\\\/#\\\/schema\\\/logo\\\/image\\\/\"},\"sameAs\":[\"https:\\\/\\\/www.facebook.com\\\/kopaarsauli\"]}]}<\/script>\n<!-- \/ Yoast SEO plugin. -->","yoast_head_json":{"title":"\u0414\u043e\u043f\u043e\u043b\u043d\u0438\u0442\u0435\u043b\u044c\u043d\u0430\u044f \u0438\u043d\u0444\u043e\u0440\u043c\u0430\u0446\u0438\u044f - Kopa ar sauli","robots":{"index":"index","follow":"follow","max-snippet":"max-snippet:-1","max-image-preview":"max-image-preview:large","max-video-preview":"max-video-preview:-1"},"canonical":"https:\/\/kopaarsauli.com\/ru\/supplements-information\/","og_locale":"ru_RU","og_type":"article","og_title":"\u0414\u043e\u043f\u043e\u043b\u043d\u0438\u0442\u0435\u043b\u044c\u043d\u0430\u044f \u0438\u043d\u0444\u043e\u0440\u043c\u0430\u0446\u0438\u044f - Kopa ar sauli","og_description":"\u0414\u043e\u043f\u043e\u043b\u043d\u0438\u0442\u0435\u043b\u044c\u043d\u0430\u044f \u0438\u043d\u0444\u043e\u0440\u043c\u0430\u0446\u0438\u044f \u041f\u041e\u041b\u0418\u0422\u0418\u041a\u0410 \u041a\u041e\u041d\u0424\u0418\u0414\u0415\u041d\u0426\u0418\u0410\u041b\u042c\u041d\u041e\u0421\u0422\u0418 Priv\u0101tuma politikas m\u0113r\u0137is ir sniegt fiziskajai personai (datu subjektam) inform\u0101ciju par fizisk\u0101s personas datu apstr\u0101des m\u0113r\u0137i, nol\u016bku, apjomu, dro\u0161\u012bbu, aizsardz\u012bbu, k\u0101 ar\u012b sniegt citu inform\u0101ciju par personas datu apstr\u0101di. Personas datiPersonas dati ir jebk\u0101da inform\u0101cija, kas attiecas uz identific\u0113tu vai identific\u0113jamu fizisko personu. Priv\u0101tuma politikas piem\u0113ro\u0161anaSIA \u201cOptilat\u201d priv\u0101tuma politika tiek piem\u0113rota [&hellip;]","og_url":"https:\/\/kopaarsauli.com\/ru\/supplements-information\/","og_site_name":"Kopa ar sauli","article_publisher":"https:\/\/www.facebook.com\/kopaarsauli","article_modified_time":"2022-09-07T11:53:26+00:00","twitter_card":"summary_large_image","twitter_misc":{"\u041f\u0440\u0438\u043c\u0435\u0440\u043d\u043e\u0435 \u0432\u0440\u0435\u043c\u044f \u0434\u043b\u044f \u0447\u0442\u0435\u043d\u0438\u044f":"2 \u043c\u0438\u043d\u0443\u0442\u044b"},"schema":{"@context":"https:\/\/schema.org","@graph":[{"@type":"WebPage","@id":"https:\/\/kopaarsauli.com\/ru\/supplements-information\/","url":"https:\/\/kopaarsauli.com\/ru\/supplements-information\/","name":"\u0414\u043e\u043f\u043e\u043b\u043d\u0438\u0442\u0435\u043b\u044c\u043d\u0430\u044f \u0438\u043d\u0444\u043e\u0440\u043c\u0430\u0446\u0438\u044f - Kopa ar sauli","isPartOf":{"@id":"https:\/\/kopaarsauli.com\/#website"},"datePublished":"2022-08-19T20:51:50+00:00","dateModified":"2022-09-07T11:53:26+00:00","breadcrumb":{"@id":"https:\/\/kopaarsauli.com\/ru\/supplements-information\/#breadcrumb"},"inLanguage":"ru-RU","potentialAction":[{"@type":"ReadAction","target":["https:\/\/kopaarsauli.com\/ru\/supplements-information\/"]}]},{"@type":"BreadcrumbList","@id":"https:\/\/kopaarsauli.com\/ru\/supplements-information\/#breadcrumb","itemListElement":[{"@type":"ListItem","position":1,"name":"Kop\u0101 ar Sauli","item":"https:\/\/kopaarsauli.com\/ru\/"},{"@type":"ListItem","position":2,"name":"\u0414\u043e\u043f\u043e\u043b\u043d\u0438\u0442\u0435\u043b\u044c\u043d\u0430\u044f \u0438\u043d\u0444\u043e\u0440\u043c\u0430\u0446\u0438\u044f"}]},{"@type":"WebSite","@id":"https:\/\/kopaarsauli.com\/#website","url":"https:\/\/kopaarsauli.com\/","name":"Kop\u0101 ar Sauli","description":"VISA VEIDA NOJUMES, STIKLA VERANDAS, MARK\u012aZES","publisher":{"@id":"https:\/\/kopaarsauli.com\/#organization"},"alternateName":"kopa ar sauli","potentialAction":[{"@type":"SearchAction","target":{"@type":"EntryPoint","urlTemplate":"https:\/\/kopaarsauli.com\/?s={search_term_string}"},"query-input":{"@type":"PropertyValueSpecification","valueRequired":true,"valueName":"search_term_string"}}],"inLanguage":"ru-RU"},{"@type":"Organization","@id":"https:\/\/kopaarsauli.com\/#organization","name":"Kop\u0101 ar Sauli","alternateName":"kopa ar sauli","url":"https:\/\/kopaarsauli.com\/","logo":{"@type":"ImageObject","inLanguage":"ru-RU","@id":"https:\/\/kopaarsauli.com\/#\/schema\/logo\/image\/","url":"https:\/\/kopaarsauli.com\/wp-content\/uploads\/2022\/08\/cropped-LOgo-johni-1.png","contentUrl":"https:\/\/kopaarsauli.com\/wp-content\/uploads\/2022\/08\/cropped-LOgo-johni-1.png","width":1695,"height":432,"caption":"Kop\u0101 ar Sauli"},"image":{"@id":"https:\/\/kopaarsauli.com\/#\/schema\/logo\/image\/"},"sameAs":["https:\/\/www.facebook.com\/kopaarsauli"]}]}},"_links":{"self":[{"href":"https:\/\/kopaarsauli.com\/ru\/wp-json\/wp\/v2\/pages\/531","targetHints":{"allow":["GET"]}}],"collection":[{"href":"https:\/\/kopaarsauli.com\/ru\/wp-json\/wp\/v2\/pages"}],"about":[{"href":"https:\/\/kopaarsauli.com\/ru\/wp-json\/wp\/v2\/types\/page"}],"author":[{"embeddable":true,"href":"https:\/\/kopaarsauli.com\/ru\/wp-json\/wp\/v2\/users\/1"}],"replies":[{"embeddable":true,"href":"https:\/\/kopaarsauli.com\/ru\/wp-json\/wp\/v2\/comments?post=531"}],"version-history":[{"count":22,"href":"https:\/\/kopaarsauli.com\/ru\/wp-json\/wp\/v2\/pages\/531\/revisions"}],"predecessor-version":[{"id":842,"href":"https:\/\/kopaarsauli.com\/ru\/wp-json\/wp\/v2\/pages\/531\/revisions\/842"}],"wp:attachment":[{"href":"https:\/\/kopaarsauli.com\/ru\/wp-json\/wp\/v2\/media?parent=531"}],"curies":[{"name":"wp","href":"https:\/\/api.w.org\/{rel}","templated":true}]}}